{"id":21,"date":"2020-08-17T09:52:58","date_gmt":"2020-08-17T07:52:58","guid":{"rendered":"http:\/\/dsm-future.com\/?page_id=21"},"modified":"2020-09-09T09:42:30","modified_gmt":"2020-09-09T07:42:30","slug":"home-2","status":"publish","type":"page","link":"http:\/\/dsm-future.com\/","title":{"rendered":"Home"},"content":{"rendered":"\n<div class=\"wp-block-media-text alignwide has-media-on-the-right is-stacked-on-mobile\"><figure class=\"wp-block-media-text__media\"><img loading=\"lazy\" width=\"933\" height=\"933\" src=\"http:\/\/dsm-future.com\/wp-content\/uploads\/2020\/08\/web-icon-224.png\" alt=\"\" class=\"wp-image-16\" srcset=\"http:\/\/dsm-future.com\/wp-content\/uploads\/2020\/08\/web-icon-224.png 933w, http:\/\/dsm-future.com\/wp-content\/uploads\/2020\/08\/web-icon-224-300x300.png 300w, http:\/\/dsm-future.com\/wp-content\/uploads\/2020\/08\/web-icon-224-150x150.png 150w, http:\/\/dsm-future.com\/wp-content\/uploads\/2020\/08\/web-icon-224-768x768.png 768w\" sizes=\"(max-width: 933px) 100vw, 933px\" \/><\/figure><div class=\"wp-block-media-text__content\">\n<p class=\"has-text-align-left has-white-color has-text-color\"><span style=\"color:#e8eaeb\" class=\"has-inline-color\">DSM Future GmbH ist eine Unternehmung der DSM Holding GmbH.<br>Die Produkte der Infrarot-Heizsysteme werden seit 2015 unter dem Motto \u201eNew Energy\u201c st\u00e4ndig weiterentwickelt. <\/span><\/p>\n\n\n\n<p class=\"has-white-color has-text-color\"><span style=\"color:#e8eaeb\" class=\"has-inline-color\">Somit erweitert sich die Produktpa-lette stetig und begeistert unsere Abnehmer.<\/span><\/p>\n\n\n\n<p class=\"has-white-color has-text-color\"><span style=\"color:#e8eaeb\" class=\"has-inline-color\"><br>Wir setzen technisch anspruchsvolle und effiziente Produkte im Bereich Infrarot-W\u00e4rmetechnologie um und nutzen diese jahrelange Erfahrung f\u00fcr die Entwicklung der Kohlenstoff\/Graphen-Nanowerkstoffe im Gebrauchsmusterschutz.<br>Dies entspricht den h\u00f6chsten \u00f6kologischen Kriterien und bringt dem Anwender zus\u00e4tzlich ei<\/span>ne bessere Wirtschaftlichkeit.<\/p>\n<\/div><\/div>\n\n\n\n<h2><\/h2>\n","protected":false},"excerpt":{"rendered":"<p>DSM Future GmbH ist eine Unternehmung der DSM Holding GmbH.Die Produkte der Infrarot-Heizsysteme werden seit 2015 unter dem Motto \u201eNew Energy\u201c st\u00e4ndig weiterentwickelt. Somit erweitert sich die Produktpa-lette stetig und begeistert unsere Abnehmer. Wir setzen technisch anspruchsvolle und effiziente Produkte im Bereich Infrarot-W\u00e4rmetechnologie um und nutzen diese jahrelange Erfahrung f\u00fcr die Entwicklung der Kohlenstoff\/Graphen-Nanowerkstoffe im [&hellip;]<\/p>\n","protected":false},"author":1,"featured_media":0,"parent":0,"menu_order":1,"comment_status":"closed","ping_status":"closed","template":"","meta":[],"_links":{"self":[{"href":"http:\/\/dsm-future.com\/index.php?rest_route=\/wp\/v2\/pages\/21"}],"collection":[{"href":"http:\/\/dsm-future.com\/index.php?rest_route=\/wp\/v2\/pages"}],"about":[{"href":"http:\/\/dsm-future.com\/index.php?rest_route=\/wp\/v2\/types\/page"}],"author":[{"embeddable":true,"href":"http:\/\/dsm-future.com\/index.php?rest_route=\/wp\/v2\/users\/1"}],"replies":[{"embeddable":true,"href":"http:\/\/dsm-future.com\/index.php?rest_route=%2Fwp%2Fv2%2Fcomments&post=21"}],"version-history":[{"count":14,"href":"http:\/\/dsm-future.com\/index.php?rest_route=\/wp\/v2\/pages\/21\/revisions"}],"predecessor-version":[{"id":135,"href":"http:\/\/dsm-future.com\/index.php?rest_route=\/wp\/v2\/pages\/21\/revisions\/135"}],"wp:attachment":[{"href":"http:\/\/dsm-future.com\/index.php?rest_route=%2Fwp%2Fv2%2Fmedia&parent=21"}],"curies":[{"name":"wp","href":"https:\/\/api.w.org\/{rel}","templated":true}]}}